{"id":212,"date":"2021-11-09T19:36:48","date_gmt":"2021-11-10T00:36:48","guid":{"rendered":"https:\/\/etmindustries.on.ca\/moulage-par-injection-plastique\/"},"modified":"2021-11-11T19:15:00","modified_gmt":"2021-11-12T00:15:00","slug":"moulage-par-injection-plastique","status":"publish","type":"page","link":"https:\/\/etmindustries.on.ca\/fr\/services\/moulage-par-injection-plastique\/","title":{"rendered":"Moulage par injection plastique"},"content":{"rendered":"\n<div class=\"wp-block-columns is-layout-flex wp-container-core-columns-is-layout-9d6595d7 wp-block-columns-is-layout-flex\">\n<div class=\"wp-block-column is-layout-flow wp-block-column-is-layout-flow\">\n<figure class=\"wp-block-image size-full\"><img loading=\"lazy\" decoding=\"async\" width=\"345\" height=\"431\" src=\"https:\/\/etmindustries.on.ca\/wp-content\/uploads\/2021\/10\/CNC_Machining_1.jpg\" alt=\"Usinage CNC\" class=\"wp-image-92\" srcset=\"https:\/\/etmindustries.on.ca\/wp-content\/uploads\/2021\/10\/CNC_Machining_1.jpg 345w, https:\/\/etmindustries.on.ca\/wp-content\/uploads\/2021\/10\/CNC_Machining_1-240x300.jpg 240w\" sizes=\"auto, (max-width: 345px) 100vw, 345px\" \/><\/figure>\n<\/div>\n\n\n\n<div class=\"wp-block-column is-layout-flow wp-block-column-is-layout-flow\">\n<figure class=\"wp-block-image size-full\"><img loading=\"lazy\" decoding=\"async\" width=\"345\" height=\"431\" src=\"https:\/\/etmindustries.on.ca\/wp-content\/uploads\/2021\/10\/Rapid_Prototyping_1.jpg\" alt=\"Prototypage rapide 1\" class=\"wp-image-110\" srcset=\"https:\/\/etmindustries.on.ca\/wp-content\/uploads\/2021\/10\/Rapid_Prototyping_1.jpg 345w, https:\/\/etmindustries.on.ca\/wp-content\/uploads\/2021\/10\/Rapid_Prototyping_1-240x300.jpg 240w\" sizes=\"auto, (max-width: 345px) 100vw, 345px\" \/><\/figure>\n<\/div>\n\n\n\n<div class=\"wp-block-column is-layout-flow wp-block-column-is-layout-flow\">\n<figure class=\"wp-block-image size-full\"><img loading=\"lazy\" decoding=\"async\" width=\"345\" height=\"431\" src=\"https:\/\/etmindustries.on.ca\/wp-content\/uploads\/2021\/10\/Fabrication_Finishing_Marking_1.jpg\" alt=\"Fabrication Finition Marquage\" class=\"wp-image-106\" srcset=\"https:\/\/etmindustries.on.ca\/wp-content\/uploads\/2021\/10\/Fabrication_Finishing_Marking_1.jpg 345w, https:\/\/etmindustries.on.ca\/wp-content\/uploads\/2021\/10\/Fabrication_Finishing_Marking_1-240x300.jpg 240w\" sizes=\"auto, (max-width: 345px) 100vw, 345px\" \/><\/figure>\n\n\n\n<p><\/p>\n<\/div>\n<\/div>\n\n\n\n<p>Lorem ipsum dolor sit amet, consectetur adipiscing elit, sed do eiusmod tempor incididunt ut labore et dolore magna aliqua. Ut pharetra sit amet aliquam. Tincidunt tortor aliquam nulla facilisi cras fermentum. Vestibulum lectus mauris ultrices eros in cursus turpis massa tincidunt. Odio ut enim blandit volutpat maecenas volutpat blandit aliquam. Lacus laoreet non curabitur gravida arcu. Commodo nulla facilisi nullam vehicula. Eget aliquet nibh praesent tristique magna sit amet purus. Amet luctus venenatis lectus magna. Neque laoreet suspendisse interdum consectetur libero id faucibus nisl. Aliquet risus feugiat in ante metus dictum at tempor commodo. Elit eget gravida cum sociis. Lobortis scelerisque fermentum dui faucibus. Quam elementum pulvinar etiam non quam lacus suspendisse faucibus.<\/p>\n\n\n\n<p>Elit duis tristique sollicitudin nibh sit amet commodo nulla. Sapien nec sagittis aliquam malesuada bibendum arcu. Elementum nibh tellus molestie nunc non blandit massa enim. Facilisis gravida neque convallis a cras semper auctor neque. Tempor id eu nisl nunc mi ipsum faucibus. Lacus suspendisse faucibus interdum posuere lorem ipsum dolor. Duis tristique sollicitudin nibh sit amet commodo. Cursus in hac habitasse platea dictumst quisque sagittis purus sit. Pellentesque elit ullamcorper dignissim cras tincidunt lobortis feugiat vivamus at. Orci nulla pellentesque dignissim enim sit amet. Nec feugiat nisl pretium fusce id. Id semper risus dans hendrerit gravida. Elit pellentesque habitant morbi tristique senectus et netus et. Quis imperdiet massa tincidunt nunc pulvinar. Viverra orci sagittis eu volutpat odio facilisis mauris s&rsquo;asseoir. Morbi blandit cursus risus \u00e0.<\/p>\n\n\n\n<figure class=\"wp-block-embed is-type-video is-provider-youtube wp-block-embed-youtube wp-embed-aspect-16-9 wp-has-aspect-ratio\"><div class=\"wp-block-embed__wrapper\">\n<iframe loading=\"lazy\" title=\"5 Axis Machining - ETM Industries, Renfrew, Ontario Canada\" width=\"640\" height=\"360\" src=\"https:\/\/www.youtube.com\/embed\/wxoGLj74ME0?feature=oembed\" frameborder=\"0\" allow=\"accelerometer; autoplay; clipboard-write; encrypted-media; gyroscope; picture-in-picture; web-share\" referrerpolicy=\"strict-origin-when-cross-origin\" allowfullscreen><\/iframe>\n<\/div><\/figure>\n\n\n\n<p>Dolor magna eget est lorem ipsum. Morbi leo urna molestie \u00e0 elementum eu facilisis sed. Vitae elementum curabitur vitae nunc sed. Nulla facilisi nullam vehicula ipsum a arcu. Tristique magna sit amet purus gravida quis blandit turpis. Odio pellentesque diam volutpat commodo sed. Tincidunt lobortis feugiat vivamus \u00e0 augue eget arcu. Un iaculis \u00e0 l&rsquo;\u00e8re pellentesque adipeuse. Nec dui nunc mattis enim ut tellus elementum sagittis. Asseyez-vous amet nulla facilisi morbi tempus iaculis urna id volutpat. Vel turpis nunc eget lorem dolor sed. Nisl nunc mi ipsum faucibus vitae aliquet nec ullamcorper s&rsquo;asseoir. Auctor neque vitae tempus quam pellentesque nec nam aliquam. Proin nibh nisl condimentum id venenatis. In fermentum et sollicitudine ac. Elit sed vulputate mi sit amet mauris commodo quis. Dans nibh mauris cursus mattis molestie a. Quam id leo in vitae turpis massa. Ullamcorper malesuada proin libero nunc consequat.<\/p>\n\n\n\n<p>Lorem ipsum dolor sit amet, consectetur adipiscing elit, sed do eiusmod tempor incididunt ut labore et dolore magna aliqua. Ut pharetra sit amet aliquam. Tincidunt tortor aliquam nulla facilisi cras fermentum. Vestibulum lectus mauris ultrices eros in cursus turpis massa tincidunt. Odio ut enim blandit volutpat maecenas volutpat blandit aliquam. Lacus laoreet non curabitur gravida arcu. Commodo nulla facilisi nullam vehicula. Eget aliquet nibh praesent tristique magna sit amet purus. Amet luctus venenatis lectus magna. Neque laoreet suspendisse interdum consectetur libero id faucibus nisl. Aliquet risus feugiat in ante metus dictum at tempor commodo. Elit eget gravida cum sociis. Lobortis scelerisque fermentum dui faucibus. Quam elementum pulvinar etiam non quam lacus suspendisse faucibus.<\/p>\n\n\n\n<p>Elit duis tristique sollicitudin nibh sit amet commodo nulla. Sapien nec sagittis aliquam malesuada bibendum arcu. Elementum nibh tellus molestie nunc non blandit massa enim. Facilisis gravida neque convallis a cras semper auctor neque. Tempor id eu nisl nunc mi ipsum faucibus. Lacus suspendisse faucibus interdum posuere lorem ipsum dolor. Duis tristique sollicitudin nibh sit amet commodo. Cursus in hac habitasse platea dictumst quisque sagittis purus sit. Pellentesque elit ullamcorper dignissim cras tincidunt lobortis feugiat vivamus at. Orci nulla pellentesque dignissim enim sit amet. Nec feugiat nisl pretium fusce id. Id semper risus dans hendrerit gravida. Elit pellentesque habitant morbi tristique senectus et netus et. Quis imperdiet massa tincidunt nunc pulvinar. Viverra orci sagittis eu volutpat odio facilisis mauris s&rsquo;asseoir. Morbi blandit cursus risus \u00e0.<\/p>\n","protected":false},"excerpt":{"rendered":"<p>Lorem ipsum dolor sit amet, consectetur adipiscing elit, sed do eiusmod tempor incididunt ut labore et dolore magna aliqua. Ut pharetra sit amet aliquam. Tincidunt tortor aliquam nulla facilisi cras fermentum. Vestibulum lectus mauris ultrices eros in cursus turpis massa tincidunt. Odio ut enim blandit volutpat maecenas volutpat blandit aliquam. Lacus laoreet non curabitur gravida [&hellip;]<\/p>\n","protected":false},"author":1,"featured_media":0,"parent":51,"menu_order":0,"comment_status":"closed","ping_status":"closed","template":"","meta":{"_acf_changed":false,"footnotes":""},"class_list":["post-212","page","type-page","status-publish","hentry"],"acf":[],"yoast_head":"<!-- This site is optimized with the Yoast SEO plugin v27.4 - https:\/\/yoast.com\/product\/yoast-seo-wordpress\/ -->\n<title>Moulage par injection plastique - E.T.M. Industries Inc.<\/title>\n<meta name=\"robots\" content=\"index, follow, max-snippet:-1, max-image-preview:large, max-video-preview:-1\" \/>\n<link rel=\"canonical\" href=\"https:\/\/etmindustries.on.ca\/fr\/services\/moulage-par-injection-plastique\/\" \/>\n<meta property=\"og:locale\" content=\"fr_FR\" \/>\n<meta property=\"og:type\" content=\"article\" \/>\n<meta property=\"og:title\" content=\"Moulage par injection plastique - E.T.M. Industries Inc.\" \/>\n<meta property=\"og:description\" content=\"Lorem ipsum dolor sit amet, consectetur adipiscing elit, sed do eiusmod tempor incididunt ut labore et dolore magna aliqua. Ut pharetra sit amet aliquam. Tincidunt tortor aliquam nulla facilisi cras fermentum. Vestibulum lectus mauris ultrices eros in cursus turpis massa tincidunt. Odio ut enim blandit volutpat maecenas volutpat blandit aliquam. Lacus laoreet non curabitur gravida [&hellip;]\" \/>\n<meta property=\"og:url\" content=\"https:\/\/etmindustries.on.ca\/fr\/services\/moulage-par-injection-plastique\/\" \/>\n<meta property=\"og:site_name\" content=\"E.T.M. Industries Inc.\" \/>\n<meta property=\"article:modified_time\" content=\"2021-11-12T00:15:00+00:00\" \/>\n<meta property=\"og:image\" content=\"https:\/\/etmindustries.on.ca\/wp-content\/uploads\/2021\/10\/CNC_Machining_1.jpg\" \/>\n<meta name=\"twitter:card\" content=\"summary_large_image\" \/>\n<meta name=\"twitter:label1\" content=\"Dur\u00e9e de lecture estim\u00e9e\" \/>\n\t<meta name=\"twitter:data1\" content=\"3 minutes\" \/>\n<script type=\"application\/ld+json\" class=\"yoast-schema-graph\">{\"@context\":\"https:\\\/\\\/schema.org\",\"@graph\":[{\"@type\":\"WebPage\",\"@id\":\"https:\\\/\\\/etmindustries.on.ca\\\/fr\\\/services\\\/moulage-par-injection-plastique\\\/\",\"url\":\"https:\\\/\\\/etmindustries.on.ca\\\/fr\\\/services\\\/moulage-par-injection-plastique\\\/\",\"name\":\"Moulage par injection plastique - E.T.M. Industries Inc.\",\"isPartOf\":{\"@id\":\"https:\\\/\\\/etmindustries.on.ca\\\/fr\\\/#website\"},\"primaryImageOfPage\":{\"@id\":\"https:\\\/\\\/etmindustries.on.ca\\\/fr\\\/services\\\/moulage-par-injection-plastique\\\/#primaryimage\"},\"image\":{\"@id\":\"https:\\\/\\\/etmindustries.on.ca\\\/fr\\\/services\\\/moulage-par-injection-plastique\\\/#primaryimage\"},\"thumbnailUrl\":\"https:\\\/\\\/etmindustries.on.ca\\\/wp-content\\\/uploads\\\/2021\\\/10\\\/CNC_Machining_1.jpg\",\"datePublished\":\"2021-11-10T00:36:48+00:00\",\"dateModified\":\"2021-11-12T00:15:00+00:00\",\"breadcrumb\":{\"@id\":\"https:\\\/\\\/etmindustries.on.ca\\\/fr\\\/services\\\/moulage-par-injection-plastique\\\/#breadcrumb\"},\"inLanguage\":\"fr-FR\",\"potentialAction\":[{\"@type\":\"ReadAction\",\"target\":[\"https:\\\/\\\/etmindustries.on.ca\\\/fr\\\/services\\\/moulage-par-injection-plastique\\\/\"]}]},{\"@type\":\"ImageObject\",\"inLanguage\":\"fr-FR\",\"@id\":\"https:\\\/\\\/etmindustries.on.ca\\\/fr\\\/services\\\/moulage-par-injection-plastique\\\/#primaryimage\",\"url\":\"https:\\\/\\\/etmindustries.on.ca\\\/wp-content\\\/uploads\\\/2021\\\/10\\\/CNC_Machining_1.jpg\",\"contentUrl\":\"https:\\\/\\\/etmindustries.on.ca\\\/wp-content\\\/uploads\\\/2021\\\/10\\\/CNC_Machining_1.jpg\"},{\"@type\":\"BreadcrumbList\",\"@id\":\"https:\\\/\\\/etmindustries.on.ca\\\/fr\\\/services\\\/moulage-par-injection-plastique\\\/#breadcrumb\",\"itemListElement\":[{\"@type\":\"ListItem\",\"position\":1,\"name\":\"Home\",\"item\":\"https:\\\/\\\/etmindustries.on.ca\\\/fr\\\/\"},{\"@type\":\"ListItem\",\"position\":2,\"name\":\"Services\",\"item\":\"https:\\\/\\\/etmindustries.on.ca\\\/fr\\\/services\\\/\"},{\"@type\":\"ListItem\",\"position\":3,\"name\":\"Moulage par injection plastique\"}]},{\"@type\":\"WebSite\",\"@id\":\"https:\\\/\\\/etmindustries.on.ca\\\/fr\\\/#website\",\"url\":\"https:\\\/\\\/etmindustries.on.ca\\\/fr\\\/\",\"name\":\"E.T.M. Industries Inc.\",\"description\":\"Precision CNC Machining, Plastic Injection Molding and Assembly\",\"publisher\":{\"@id\":\"https:\\\/\\\/etmindustries.on.ca\\\/fr\\\/#organization\"},\"potentialAction\":[{\"@type\":\"SearchAction\",\"target\":{\"@type\":\"EntryPoint\",\"urlTemplate\":\"https:\\\/\\\/etmindustries.on.ca\\\/fr\\\/?s={search_term_string}\"},\"query-input\":{\"@type\":\"PropertyValueSpecification\",\"valueRequired\":true,\"valueName\":\"search_term_string\"}}],\"inLanguage\":\"fr-FR\"},{\"@type\":\"Organization\",\"@id\":\"https:\\\/\\\/etmindustries.on.ca\\\/fr\\\/#organization\",\"name\":\"E.T.M. Industries Inc.\",\"url\":\"https:\\\/\\\/etmindustries.on.ca\\\/fr\\\/\",\"logo\":{\"@type\":\"ImageObject\",\"inLanguage\":\"fr-FR\",\"@id\":\"https:\\\/\\\/etmindustries.on.ca\\\/fr\\\/#\\\/schema\\\/logo\\\/image\\\/\",\"url\":\"https:\\\/\\\/etmindustries.on.ca\\\/wp-content\\\/uploads\\\/2021\\\/10\\\/logo_etm.png\",\"contentUrl\":\"https:\\\/\\\/etmindustries.on.ca\\\/wp-content\\\/uploads\\\/2021\\\/10\\\/logo_etm.png\",\"width\":400,\"height\":64,\"caption\":\"E.T.M. Industries Inc.\"},\"image\":{\"@id\":\"https:\\\/\\\/etmindustries.on.ca\\\/fr\\\/#\\\/schema\\\/logo\\\/image\\\/\"}}]}<\/script>\n<!-- \/ Yoast SEO plugin. -->","yoast_head_json":{"title":"Moulage par injection plastique - E.T.M. Industries Inc.","robots":{"index":"index","follow":"follow","max-snippet":"max-snippet:-1","max-image-preview":"max-image-preview:large","max-video-preview":"max-video-preview:-1"},"canonical":"https:\/\/etmindustries.on.ca\/fr\/services\/moulage-par-injection-plastique\/","og_locale":"fr_FR","og_type":"article","og_title":"Moulage par injection plastique - E.T.M. Industries Inc.","og_description":"Lorem ipsum dolor sit amet, consectetur adipiscing elit, sed do eiusmod tempor incididunt ut labore et dolore magna aliqua. Ut pharetra sit amet aliquam. Tincidunt tortor aliquam nulla facilisi cras fermentum. Vestibulum lectus mauris ultrices eros in cursus turpis massa tincidunt. Odio ut enim blandit volutpat maecenas volutpat blandit aliquam. Lacus laoreet non curabitur gravida [&hellip;]","og_url":"https:\/\/etmindustries.on.ca\/fr\/services\/moulage-par-injection-plastique\/","og_site_name":"E.T.M. Industries Inc.","article_modified_time":"2021-11-12T00:15:00+00:00","og_image":[{"url":"https:\/\/etmindustries.on.ca\/wp-content\/uploads\/2021\/10\/CNC_Machining_1.jpg","type":"","width":"","height":""}],"twitter_card":"summary_large_image","twitter_misc":{"Dur\u00e9e de lecture estim\u00e9e":"3 minutes"},"schema":{"@context":"https:\/\/schema.org","@graph":[{"@type":"WebPage","@id":"https:\/\/etmindustries.on.ca\/fr\/services\/moulage-par-injection-plastique\/","url":"https:\/\/etmindustries.on.ca\/fr\/services\/moulage-par-injection-plastique\/","name":"Moulage par injection plastique - E.T.M. Industries Inc.","isPartOf":{"@id":"https:\/\/etmindustries.on.ca\/fr\/#website"},"primaryImageOfPage":{"@id":"https:\/\/etmindustries.on.ca\/fr\/services\/moulage-par-injection-plastique\/#primaryimage"},"image":{"@id":"https:\/\/etmindustries.on.ca\/fr\/services\/moulage-par-injection-plastique\/#primaryimage"},"thumbnailUrl":"https:\/\/etmindustries.on.ca\/wp-content\/uploads\/2021\/10\/CNC_Machining_1.jpg","datePublished":"2021-11-10T00:36:48+00:00","dateModified":"2021-11-12T00:15:00+00:00","breadcrumb":{"@id":"https:\/\/etmindustries.on.ca\/fr\/services\/moulage-par-injection-plastique\/#breadcrumb"},"inLanguage":"fr-FR","potentialAction":[{"@type":"ReadAction","target":["https:\/\/etmindustries.on.ca\/fr\/services\/moulage-par-injection-plastique\/"]}]},{"@type":"ImageObject","inLanguage":"fr-FR","@id":"https:\/\/etmindustries.on.ca\/fr\/services\/moulage-par-injection-plastique\/#primaryimage","url":"https:\/\/etmindustries.on.ca\/wp-content\/uploads\/2021\/10\/CNC_Machining_1.jpg","contentUrl":"https:\/\/etmindustries.on.ca\/wp-content\/uploads\/2021\/10\/CNC_Machining_1.jpg"},{"@type":"BreadcrumbList","@id":"https:\/\/etmindustries.on.ca\/fr\/services\/moulage-par-injection-plastique\/#breadcrumb","itemListElement":[{"@type":"ListItem","position":1,"name":"Home","item":"https:\/\/etmindustries.on.ca\/fr\/"},{"@type":"ListItem","position":2,"name":"Services","item":"https:\/\/etmindustries.on.ca\/fr\/services\/"},{"@type":"ListItem","position":3,"name":"Moulage par injection plastique"}]},{"@type":"WebSite","@id":"https:\/\/etmindustries.on.ca\/fr\/#website","url":"https:\/\/etmindustries.on.ca\/fr\/","name":"E.T.M. Industries Inc.","description":"Precision CNC Machining, Plastic Injection Molding and Assembly","publisher":{"@id":"https:\/\/etmindustries.on.ca\/fr\/#organization"},"potentialAction":[{"@type":"SearchAction","target":{"@type":"EntryPoint","urlTemplate":"https:\/\/etmindustries.on.ca\/fr\/?s={search_term_string}"},"query-input":{"@type":"PropertyValueSpecification","valueRequired":true,"valueName":"search_term_string"}}],"inLanguage":"fr-FR"},{"@type":"Organization","@id":"https:\/\/etmindustries.on.ca\/fr\/#organization","name":"E.T.M. Industries Inc.","url":"https:\/\/etmindustries.on.ca\/fr\/","logo":{"@type":"ImageObject","inLanguage":"fr-FR","@id":"https:\/\/etmindustries.on.ca\/fr\/#\/schema\/logo\/image\/","url":"https:\/\/etmindustries.on.ca\/wp-content\/uploads\/2021\/10\/logo_etm.png","contentUrl":"https:\/\/etmindustries.on.ca\/wp-content\/uploads\/2021\/10\/logo_etm.png","width":400,"height":64,"caption":"E.T.M. Industries Inc."},"image":{"@id":"https:\/\/etmindustries.on.ca\/fr\/#\/schema\/logo\/image\/"}}]}},"_links":{"self":[{"href":"https:\/\/etmindustries.on.ca\/fr\/wp-json\/wp\/v2\/pages\/212","targetHints":{"allow":["GET"]}}],"collection":[{"href":"https:\/\/etmindustries.on.ca\/fr\/wp-json\/wp\/v2\/pages"}],"about":[{"href":"https:\/\/etmindustries.on.ca\/fr\/wp-json\/wp\/v2\/types\/page"}],"author":[{"embeddable":true,"href":"https:\/\/etmindustries.on.ca\/fr\/wp-json\/wp\/v2\/users\/1"}],"replies":[{"embeddable":true,"href":"https:\/\/etmindustries.on.ca\/fr\/wp-json\/wp\/v2\/comments?post=212"}],"version-history":[{"count":5,"href":"https:\/\/etmindustries.on.ca\/fr\/wp-json\/wp\/v2\/pages\/212\/revisions"}],"predecessor-version":[{"id":420,"href":"https:\/\/etmindustries.on.ca\/fr\/wp-json\/wp\/v2\/pages\/212\/revisions\/420"}],"up":[{"embeddable":true,"href":"https:\/\/etmindustries.on.ca\/fr\/wp-json\/wp\/v2\/pages\/51"}],"wp:attachment":[{"href":"https:\/\/etmindustries.on.ca\/fr\/wp-json\/wp\/v2\/media?parent=212"}],"curies":[{"name":"wp","href":"https:\/\/api.w.org\/{rel}","templated":true}]}}